{"id":125,"date":"2021-09-10T15:57:36","date_gmt":"2021-09-10T13:57:36","guid":{"rendered":"http:\/\/macofer.be\/?page_id=125"},"modified":"2021-10-24T19:21:44","modified_gmt":"2021-10-24T17:21:44","slug":"a-propos-de-nous","status":"publish","type":"page","link":"http:\/\/macofer.be\/index.php\/a-propos-de-nous\/","title":{"rendered":"A propos de nous"},"content":{"rendered":"\n<p class=\"has-text-align-center has-medium-font-size\">Macofer sprl vend des produits en acier aux professionnels et aux particuliers.<\/p>\n\n\n\n<p class=\"has-text-align-center has-medium-font-size\">Elle b\u00e9n\u00e9ficie d\u2019une connaissance pointue des produits m\u00e9talliques gr\u00e2ce \u00e0 la gestion commune par le fondateur de ADM sprl, sp\u00e9cialiste de la construction m\u00e9tallique industrielle depuis plus de 30 ans.<\/p>\n\n\n\n<p class=\"has-text-align-center has-medium-font-size\">Macofer veut rester une soci\u00e9t\u00e9 de taille familiale, soucieuse d\u2019entretenir un contact client de qualit\u00e9 et personnalis\u00e9.<\/p>\n","protected":false},"excerpt":{"rendered":"<p>Macofer sprl vend des produits en acier aux professionnels et aux particuliers. Elle b\u00e9n\u00e9ficie d\u2019une connaissance pointue des produits m\u00e9talliques gr\u00e2ce [&hellip;]<\/p>\n","protected":false},"author":1,"featured_media":0,"parent":0,"menu_order":0,"comment_status":"closed","ping_status":"closed","template":"template-fullwide.php","meta":[],"_links":{"self":[{"href":"http:\/\/macofer.be\/index.php\/wp-json\/wp\/v2\/pages\/125"}],"collection":[{"href":"http:\/\/macofer.be\/index.php\/wp-json\/wp\/v2\/pages"}],"about":[{"href":"http:\/\/macofer.be\/index.php\/wp-json\/wp\/v2\/types\/page"}],"author":[{"embeddable":true,"href":"http:\/\/macofer.be\/index.php\/wp-json\/wp\/v2\/users\/1"}],"replies":[{"embeddable":true,"href":"http:\/\/macofer.be\/index.php\/wp-json\/wp\/v2\/comments?post=125"}],"version-history":[{"count":5,"href":"http:\/\/macofer.be\/index.php\/wp-json\/wp\/v2\/pages\/125\/revisions"}],"predecessor-version":[{"id":470,"href":"http:\/\/macofer.be\/index.php\/wp-json\/wp\/v2\/pages\/125\/revisions\/470"}],"wp:attachment":[{"href":"http:\/\/macofer.be\/index.php\/wp-json\/wp\/v2\/media?parent=125"}],"curies":[{"name":"wp","href":"https:\/\/api.w.org\/{rel}","templated":true}]}}